{"id":1176,"date":"2023-09-09T15:15:35","date_gmt":"2023-09-09T18:15:35","guid":{"rendered":"https:\/\/camarapocao.pe.gov.br\/?page_id=1176"},"modified":"2023-09-09T15:15:35","modified_gmt":"2023-09-09T18:15:35","slug":"historia-da-camara","status":"publish","type":"page","link":"https:\/\/camarapocao.pe.gov.br\/v1\/historia-da-camara\/","title":{"rendered":"Hist\u00f3ria da C\u00e2mara"},"content":{"rendered":"<p>Em atualiza\u00e7\u00e3o&#8230;<\/p>\n","protected":false},"excerpt":{"rendered":"<p>Em atualiza\u00e7\u00e3o&#8230;<\/p>\n","protected":false},"author":3,"featured_media":0,"parent":0,"menu_order":0,"comment_status":"closed","ping_status":"closed","template":"","meta":{"footnotes":""},"class_list":["post-1176","page","type-page","status-publish","hentry","active"],"aioseo_notices":[],"_links":{"self":[{"href":"https:\/\/camarapocao.pe.gov.br\/v1\/wp-json\/wp\/v2\/pages\/1176","targetHints":{"allow":["GET"]}}],"collection":[{"href":"https:\/\/camarapocao.pe.gov.br\/v1\/wp-json\/wp\/v2\/pages"}],"about":[{"href":"https:\/\/camarapocao.pe.gov.br\/v1\/wp-json\/wp\/v2\/types\/page"}],"author":[{"embeddable":true,"href":"https:\/\/camarapocao.pe.gov.br\/v1\/wp-json\/wp\/v2\/users\/3"}],"replies":[{"embeddable":true,"href":"https:\/\/camarapocao.pe.gov.br\/v1\/wp-json\/wp\/v2\/comments?post=1176"}],"version-history":[{"count":1,"href":"https:\/\/camarapocao.pe.gov.br\/v1\/wp-json\/wp\/v2\/pages\/1176\/revisions"}],"predecessor-version":[{"id":1177,"href":"https:\/\/camarapocao.pe.gov.br\/v1\/wp-json\/wp\/v2\/pages\/1176\/revisions\/1177"}],"wp:attachment":[{"href":"https:\/\/camarapocao.pe.gov.br\/v1\/wp-json\/wp\/v2\/media?parent=1176"}],"curies":[{"name":"wp","href":"https:\/\/api.w.org\/{rel}","templated":true}]}}