{"id":1171,"date":"2023-09-09T15:13:50","date_gmt":"2023-09-09T18:13:50","guid":{"rendered":"https:\/\/camarapocao.pe.gov.br\/?page_id=1171"},"modified":"2023-09-19T00:48:20","modified_gmt":"2023-09-19T03:48:20","slug":"atribuicoes-da-mesa-diretora","status":"publish","type":"page","link":"https:\/\/camarapocao.pe.gov.br\/v1\/atribuicoes-da-mesa-diretora\/","title":{"rendered":"Atribui\u00e7\u00f5es da Mesa Diretora"},"content":{"rendered":"<p><strong>Art. 270 \u2013 S\u00e3o atribui\u00e7\u00f5es do Presidente, al\u00e9m dos j\u00e1 mencionados neste Regimento, no artigo 29 da Lei Org\u00e2nica Municipal e das decorrentes da natureza de suas fun\u00e7\u00f5es e prerrogativas:<\/strong><\/p>\n<p>I \u2013 abrir e encerrar as reuni\u00f5es \u00e0 hora regimental;<\/p>\n<p>II \u2013 fazer cumprir as Constitui\u00e7\u00f5es da Rep\u00fablica Federativa do Brasil, do estado de Pernambuco, a Lei Org\u00e2nica do Munic\u00edpio e toda legisla\u00e7\u00e3o federal, estadual e municipal;<\/p>\n<p>III \u2013 manter a ordem nas reuni\u00f5es, empregando, para tanto, os meios necess\u00e1rios, requisitando, se for o caso , a for\u00e7a policial;<\/p>\n<p>IV \u2013 suspender a reuni\u00e3o ou encerra-la, quando for manifesta a impossibilidade de manter a ordem;<\/p>\n<p>V \u2013 conceder, regimentalmente, a palavra aos Vereadores e cass\u00e1-la em caso de abuso;<\/p>\n<p>VI \u2013 assinar, em primeiro lugar, as Atas das reuni\u00f5es;<\/p>\n<p>VII \u2013 despachar o expediente nas reuni\u00f5es;<\/p>\n<p>VIII \u2013 submeter a discuss\u00e3o e vota\u00e7\u00e3o, as mat\u00e9rias constantes da Ordem do Dia;<\/p>\n<p>IX \u2013 fixar os pontos sobre os que devam incidir a discuss\u00e3o e vota\u00e7\u00e3o, bem como impor a ordem e advertir qualquer Vereador que cometa excesso;<\/p>\n<p>X \u2013 anunciar a Ordem do Dia e Proclamar os resultados das vota\u00e7\u00f5es;<\/p>\n<p>XI \u2013 tomar o compromisso do Vereador e dar-lhe posse;<\/p>\n<p>XII \u2013 designar os Vereadores que devem, regimentalmente, substituir na Mesa e nas Comiss\u00f5es, os membros efetivos que estiverem ausentes;<\/p>\n<p>XIII \u2013 resolver as quest\u00f5es de ordem, suscitada nas reuni\u00f5es;<\/p>\n<p>XIV \u2013 designar a Ordem do Dia para a reuni\u00e3o seguinte;<\/p>\n<p>XV \u2013 p\u00f4r a C\u00e2mara em atividade, evitando que os Vereadores, nas discuss\u00f5es, se afastem da quest\u00e3o principal;<\/p>\n<p>XVI \u2013 convocar os Vereadores para participarem das reuni\u00f5es extraordin\u00e1rias;<\/p>\n<p>XVII \u2013 exercer o direito de voto, nos casos de empate nas vota\u00e7\u00f5es ou quando for exigido o pronunciamento de dois ter\u00e7os ou da maioria absoluta dos membros da C\u00e2mara, bem como nas elei\u00e7\u00f5es;<\/p>\n<p>XVIII \u2013 designar os membros das Comiss\u00f5es Permanentes, Especiais e de Representa\u00e7\u00e3o, e seus substitutos;<\/p>\n<p>XIX \u2013 n\u00e3o permitir a publica\u00e7\u00e3o de express\u00f5es e conceitos vedados pelo regimento;<\/p>\n<p>XX \u2013 presidir as reuni\u00f5es da Mesa Diretora;<\/p>\n<p>XXI \u2013 convocar o suplente de Vereadores, na forma estabelecida pela Lei;<\/p>\n<p>XXII \u2013 substituir o Prefeito em todos os seus impedimentos e aus\u00eancias, quando tamb\u00e9m estiver impedido ou ausente o Vice-Prefeito do Munic\u00edpio, na forma da legisla\u00e7\u00e3o vigente;<\/p>\n<p>XXIII \u2013 promover e regular a publica\u00e7\u00e3o dos debates de todos os trabalhos e atos da C\u00e2mara, bem como das proposi\u00e7\u00f5es promulgadas;<\/p>\n<p>XXIV \u2013 assinar a correspond\u00eancia dirigida aos Presidentes da Rep\u00fablica, do Senado e da C\u00e2mara Federal, do Supremo Tribunal Federal, do Supremo Tribunal de Justi\u00e7a, do Tribunal Eleitoral, do Tribunal Superior do Trabalho, do Superior Tribunal Militar, dos Tribunais Regionais Federais, dos Tribunais Regionais do Trabalho, do Tribunal de Justi\u00e7a do Estado, Governador do Estado, ao Presidente dos Tribunais Regionais Eleitorais e Prefeitos.<\/p>\n<p>XXV \u2013 supervisionar os servi\u00e7os da Secretaria Executiva.<\/p>\n<p>&nbsp;<\/p>\n<p><strong>Art. 271 \u2013 Ao 1\u00ba Secret\u00e1rio, competente:<\/strong><\/p>\n<p>I \u2013 substituir o Presidente nas suas faltas ou impedimentos;<\/p>\n<p>II \u2013 fazer a leitura de todos os pap\u00e9is inclu\u00eddos no Expediente e na Ordem do Dia das reuni\u00f5es; III \u2013 fazer a verifica\u00e7\u00e3o de presen\u00e7a dos Vereadores, no inicio da Ordem do Dia, nas vota\u00e7\u00f5es nominais e nas verifica\u00e7\u00f5es de \u201cQUORUM\u201d;<\/p>\n<p>IV \u2013 receber a correspond\u00eancia dirigida a C\u00e2mara;<\/p>\n<p>V \u2013 assinar ap\u00f3s o Presidente, as Portarias, os Projetos de Resolu\u00e7\u00e3o e os Projetos de Decreto Legislativo;<\/p>\n<p>VI \u2013 fazer expedir a correspond\u00eancia oficial, assinando o que n\u00e3o seja da compet\u00eancia do Presidente;<\/p>\n<p>VII \u2013 levar ao conhecimento da Presid\u00eancia quaisquer assuntos que, nos recessos legislativos, dependem de solu\u00e7\u00e3o de compet\u00eancia da Comiss\u00e3o de Representa\u00e7\u00e3o;<\/p>\n<p>VIII \u2013 redigir as Atas das reuni\u00f5es secretas e os termos de pris\u00e3o em flagrante: despacha o Expediente, nos recessos da C\u00e2mara;<\/p>\n<p>IX \u2013 elaborar as listas de presen\u00e7a dos Vereadores \u00e0s reuni\u00f5es.<\/p>\n<p>&nbsp;<\/p>\n<p><strong>Art. 272 \u2013 Ao 2\u00b0 Secret\u00e1rio:<\/strong><\/p>\n<p>I \u2013 proceder a leitura das Atas das reuni\u00f5es e dos termos de compromisso dos Vereadores;<\/p>\n<p>II \u2013 auxiliar o 1\u00ba Secret\u00e1rio nas verifica\u00e7\u00f5es de presen\u00e7a e nas vota\u00e7\u00f5es nominais;<\/p>\n<p>III \u2013 assinar, ap\u00f3s o 1\u00ba Secret\u00e1rio, as Atas das reuni\u00f5es e os Projetos de Resolu\u00e7\u00f5es e de decretos Legislativos;<\/p>\n<p>IV \u2013 ter sob sua responsabilidade a confec\u00e7\u00e3o das Atas e dos Anais;<\/p>\n<p>V \u2013 substituir o 1\u00ba Secret\u00e1rio em suas faltas e impedimentos.<\/p>\n","protected":false},"excerpt":{"rendered":"<p>Art. 270 \u2013 S\u00e3o atribui\u00e7\u00f5es do Presidente, al\u00e9m dos j\u00e1 mencionados neste Regimento, no artigo 29 da Lei Org\u00e2nica Municipal e das decorrentes da natureza <a class=\"leiamais\" href=\"https:\/\/camarapocao.pe.gov.br\/v1\/atribuicoes-da-mesa-diretora\/\"><i class=\"fa fa-angle-double-right\" aria-hidden=\"true\"><\/i><br \/>\n<\/a><\/p>\n","protected":false},"author":3,"featured_media":0,"parent":0,"menu_order":0,"comment_status":"closed","ping_status":"closed","template":"","meta":{"footnotes":""},"class_list":["post-1171","page","type-page","status-publish","hentry","active"],"aioseo_notices":[],"_links":{"self":[{"href":"https:\/\/camarapocao.pe.gov.br\/v1\/wp-json\/wp\/v2\/pages\/1171","targetHints":{"allow":["GET"]}}],"collection":[{"href":"https:\/\/camarapocao.pe.gov.br\/v1\/wp-json\/wp\/v2\/pages"}],"about":[{"href":"https:\/\/camarapocao.pe.gov.br\/v1\/wp-json\/wp\/v2\/types\/page"}],"author":[{"embeddable":true,"href":"https:\/\/camarapocao.pe.gov.br\/v1\/wp-json\/wp\/v2\/users\/3"}],"replies":[{"embeddable":true,"href":"https:\/\/camarapocao.pe.gov.br\/v1\/wp-json\/wp\/v2\/comments?post=1171"}],"version-history":[{"count":4,"href":"https:\/\/camarapocao.pe.gov.br\/v1\/wp-json\/wp\/v2\/pages\/1171\/revisions"}],"predecessor-version":[{"id":1405,"href":"https:\/\/camarapocao.pe.gov.br\/v1\/wp-json\/wp\/v2\/pages\/1171\/revisions\/1405"}],"wp:attachment":[{"href":"https:\/\/camarapocao.pe.gov.br\/v1\/wp-json\/wp\/v2\/media?parent=1171"}],"curies":[{"name":"wp","href":"https:\/\/api.w.org\/{rel}","templated":true}]}}