{"id":1168,"date":"2023-09-09T15:09:16","date_gmt":"2023-09-09T18:09:16","guid":{"rendered":"https:\/\/camarapocao.pe.gov.br\/?page_id=1168"},"modified":"2023-09-09T15:16:31","modified_gmt":"2023-09-09T18:16:31","slug":"institucional","status":"publish","type":"page","link":"https:\/\/camarapocao.pe.gov.br\/v1\/institucional\/","title":{"rendered":"INSTITUCIONAL"},"content":{"rendered":"<ul>\n<li><a href=\"https:\/\/camarapocao.pe.gov.br\/estrutura-organizacional\/\"><strong>Estrutura organizacional<\/strong><\/a><\/li>\n<li><strong>Sobre a C\u00e2mara<\/strong>\n<ul>\n<li><a href=\"https:\/\/camarapocao.pe.gov.br\/atribuicoes-da-mesa-diretora\/\" target=\"_blank\" rel=\"noopener\">Atribui\u00e7\u00f5es da Mesa Diretora<\/a><\/li>\n<li><a href=\"https:\/\/camarapocao.pe.gov.br\/?page_id=1174&amp;preview=true\" target=\"_blank\" rel=\"noopener\">Mesa Diretora<\/a><\/li>\n<li><a href=\"https:\/\/camarapocao.pe.gov.br\/historia-da-camara\/\" target=\"_blank\" rel=\"noopener\">Hist\u00f3ria da C\u00e2mara<\/a><\/li>\n<\/ul>\n<\/li>\n<li><a href=\"http:\/\/camarapocao.pe.gov.br\/municipio\/\" target=\"_blank\" rel=\"noopener\"><strong>Munic\u00edpio<\/strong><\/a><\/li>\n<\/ul>\n","protected":false},"excerpt":{"rendered":"<p>Estrutura organizacional Sobre a C\u00e2mara Atribui\u00e7\u00f5es da Mesa Diretora Mesa Diretora Hist\u00f3ria da C\u00e2mara Munic\u00edpio<\/p>\n","protected":false},"author":3,"featured_media":0,"parent":0,"menu_order":0,"comment_status":"closed","ping_status":"closed","template":"","meta":{"footnotes":""},"class_list":["post-1168","page","type-page","status-publish","hentry","active"],"aioseo_notices":[],"_links":{"self":[{"href":"https:\/\/camarapocao.pe.gov.br\/v1\/wp-json\/wp\/v2\/pages\/1168","targetHints":{"allow":["GET"]}}],"collection":[{"href":"https:\/\/camarapocao.pe.gov.br\/v1\/wp-json\/wp\/v2\/pages"}],"about":[{"href":"https:\/\/camarapocao.pe.gov.br\/v1\/wp-json\/wp\/v2\/types\/page"}],"author":[{"embeddable":true,"href":"https:\/\/camarapocao.pe.gov.br\/v1\/wp-json\/wp\/v2\/users\/3"}],"replies":[{"embeddable":true,"href":"https:\/\/camarapocao.pe.gov.br\/v1\/wp-json\/wp\/v2\/comments?post=1168"}],"version-history":[{"count":3,"href":"https:\/\/camarapocao.pe.gov.br\/v1\/wp-json\/wp\/v2\/pages\/1168\/revisions"}],"predecessor-version":[{"id":1180,"href":"https:\/\/camarapocao.pe.gov.br\/v1\/wp-json\/wp\/v2\/pages\/1168\/revisions\/1180"}],"wp:attachment":[{"href":"https:\/\/camarapocao.pe.gov.br\/v1\/wp-json\/wp\/v2\/media?parent=1168"}],"curies":[{"name":"wp","href":"https:\/\/api.w.org\/{rel}","templated":true}]}}