{"id":1022,"date":"2022-09-11T23:40:04","date_gmt":"2022-09-12T02:40:04","guid":{"rendered":"http:\/\/camarapocao.pe.gov.br\/?page_id=1022"},"modified":"2022-10-31T22:59:55","modified_gmt":"2022-11-01T01:59:55","slug":"resolucoes-aprovadas-em-2022","status":"publish","type":"page","link":"https:\/\/camarapocao.pe.gov.br\/v1\/resolucoes-aprovadas-em-2022\/","title":{"rendered":"Resolu\u00e7\u00f5es aprovadas em 2022"},"content":{"rendered":"<table class=\"wp-block-table aligncenter is-style-stripes\" style=\"height: 265px;\" width=\"100%\">\n<tbody>\n<tr>\n<td><strong>N\u00ba do Documento<\/strong><\/td>\n<td><strong>Descri\u00e7\u00e3o<\/strong><\/td>\n<td><strong>Baixar<\/strong><\/td>\n<\/tr>\n<tr>\n<td>107-2022<\/td>\n<td>Aprova com ressalvas as contas do exerc\u00edcio de 2018 da Prefeitura Municipal de Po\u00e7\u00e3o, Processo TC 19100174-0.<\/td>\n<td><strong><a role=\"link\" href=\"http:\/\/www.camarapocao.pe.gov.br\/home\/images\/Consulta\/resolucoes\/2022\/107-2022.pdf\" data-raofz=\"16\">PDF<\/a><\/strong><\/td>\n<\/tr>\n<tr>\n<td>108-2022<\/td>\n<td>Disp\u00f5e sobre a cria\u00e7\u00e3o, a estrutura e o funcionamento da Ouvidoria Parlamentar da C\u00e2mara Municipal de Po\u00e7\u00e3o\/PE.<\/td>\n<td><strong><a role=\"link\" href=\"http:\/\/www.camarapocao.pe.gov.br\/home\/images\/Consulta\/resolucoes\/2022\/108-2022.pdf\" data-raofz=\"16\">PDF<\/a><\/strong><\/td>\n<\/tr>\n<tr>\n<td>109-2022<\/td>\n<td>Estima a receita e fixa a despesa da C\u00e2mara Municipal para o Exerc\u00edcio Financeiro de 2023.<\/td>\n<td><strong><a role=\"link\" href=\"http:\/\/www.camarapocao.pe.gov.br\/home\/images\/Consulta\/resolucoes\/2022\/109-2022.pdf\" data-raofz=\"16\">PDF<\/a><\/strong><\/td>\n<\/tr>\n<tr>\n<td>110-2022<\/td>\n<td>Aprova com ressalvas as contas do exerc\u00edcio de 2018 da Prefeitura Municipal de Po\u00e7\u00e3o, Processo TC20100257-7.<\/td>\n<td><strong><a role=\"link\" href=\"http:\/\/www.camarapocao.pe.gov.br\/home\/images\/Consulta\/resolucoes\/2022\/110-2022.pdf\" data-raofz=\"16\">PDF<\/a><\/strong><\/td>\n<\/tr>\n<tr>\n<td>111-2022<\/td>\n<td>Rejeita a presta\u00e7\u00e3o de contas do munic\u00edpio de Po\u00e7\u00e3o\/PE relativa ao exerc\u00edcio financeiro de 2015, consoante Processo TCE-PE N\u00ba16100167-1.<\/td>\n<td><strong><a role=\"link\" href=\"http:\/\/www.camarapocao.pe.gov.br\/home\/images\/Consulta\/resolucoes\/2022\/111-2022.pdf\" data-raofz=\"16\">PDF<\/a><\/strong><\/td>\n<\/tr>\n<\/tbody>\n<\/table>\n<p>&nbsp;<\/p>\n","protected":false},"excerpt":{"rendered":"<p>N\u00ba do Documento Descri\u00e7\u00e3o Baixar 107-2022 Aprova com ressalvas as contas do exerc\u00edcio de 2018 da Prefeitura Municipal de Po\u00e7\u00e3o, Processo TC 19100174-0. PDF 108-2022 <a class=\"leiamais\" href=\"https:\/\/camarapocao.pe.gov.br\/v1\/resolucoes-aprovadas-em-2022\/\"><i class=\"fa fa-angle-double-right\" aria-hidden=\"true\"><\/i><br \/>\n<\/a><\/p>\n","protected":false},"author":3,"featured_media":0,"parent":0,"menu_order":0,"comment_status":"closed","ping_status":"closed","template":"","meta":{"footnotes":""},"class_list":["post-1022","page","type-page","status-publish","hentry","active"],"aioseo_notices":[],"_links":{"self":[{"href":"https:\/\/camarapocao.pe.gov.br\/v1\/wp-json\/wp\/v2\/pages\/1022","targetHints":{"allow":["GET"]}}],"collection":[{"href":"https:\/\/camarapocao.pe.gov.br\/v1\/wp-json\/wp\/v2\/pages"}],"about":[{"href":"https:\/\/camarapocao.pe.gov.br\/v1\/wp-json\/wp\/v2\/types\/page"}],"author":[{"embeddable":true,"href":"https:\/\/camarapocao.pe.gov.br\/v1\/wp-json\/wp\/v2\/users\/3"}],"replies":[{"embeddable":true,"href":"https:\/\/camarapocao.pe.gov.br\/v1\/wp-json\/wp\/v2\/comments?post=1022"}],"version-history":[{"count":6,"href":"https:\/\/camarapocao.pe.gov.br\/v1\/wp-json\/wp\/v2\/pages\/1022\/revisions"}],"predecessor-version":[{"id":1069,"href":"https:\/\/camarapocao.pe.gov.br\/v1\/wp-json\/wp\/v2\/pages\/1022\/revisions\/1069"}],"wp:attachment":[{"href":"https:\/\/camarapocao.pe.gov.br\/v1\/wp-json\/wp\/v2\/media?parent=1022"}],"curies":[{"name":"wp","href":"https:\/\/api.w.org\/{rel}","templated":true}]}}